{"id":425,"date":"2025-10-10T11:08:06","date_gmt":"2025-10-10T09:08:06","guid":{"rendered":"https:\/\/mejoracoopclm.com\/edicion3\/?page_id=425"},"modified":"2025-11-05T15:49:29","modified_gmt":"2025-11-05T14:49:29","slug":"actualidad","status":"publish","type":"page","link":"https:\/\/mejoracoopclm.com\/edicion3\/actualidad\/","title":{"rendered":"Actualidad"},"content":{"rendered":"<p>[et_pb_section fb_built=\u00bb1&#8243; admin_label=\u00bbHeader\u00bb _builder_version=\u00bb4.27.4&#8243; _module_preset=\u00bbdefault\u00bb locked=\u00bboff\u00bb collapsed=\u00bbon\u00bb global_colors_info=\u00bb{}\u00bb][et_pb_row _builder_version=\u00bb4.27.4&#8243; _module_preset=\u00bbdefault\u00bb background_color=\u00bb#215E6D\u00bb max_width=\u00bb1280px\u00bb border_radii=\u00bboff||6px|6px|\u00bb box_shadow_style=\u00bbpreset4&#8243; box_shadow_horizontal=\u00bb-30vw\u00bb box_shadow_vertical=\u00bb0px\u00bb box_shadow_color=\u00bb#215E6D\u00bb global_colors_info=\u00bb{}\u00bb][et_pb_column type=\u00bb4_4&#8243; _builder_version=\u00bb4.25.0&#8243; _module_preset=\u00bbdefault\u00bb global_colors_info=\u00bb{}\u00bb][et_pb_heading title=\u00bbActualidad\u00bb _builder_version=\u00bb4.27.4&#8243; _module_preset=\u00bba9616a04-d555-4d24-acf8-2354d644f67e\u00bb title_text_color=\u00bb#FFFFFF\u00bb global_colors_info=\u00bb{}\u00bb][\/et_pb_heading][\/et_pb_column][\/et_pb_row][et_pb_row custom_padding_last_edited=\u00bbon|phone\u00bb _builder_version=\u00bb4.27.4&#8243; _module_preset=\u00bbdefault\u00bb background_enable_color=\u00bboff\u00bb max_width=\u00bb1280px\u00bb custom_padding=\u00bb|45px||45px|false|true\u00bb custom_padding_tablet=\u00bb|45px||45px|false|true\u00bb custom_padding_phone=\u00bb|30px||30px|false|true\u00bb border_radii=\u00bboff||6px|6px|\u00bb box_shadow_style=\u00bbpreset4&#8243; box_shadow_horizontal=\u00bb-30vw\u00bb box_shadow_vertical=\u00bb0px\u00bb box_shadow_color=\u00bb#215E6D\u00bb global_colors_info=\u00bb{}\u00bb][et_pb_column type=\u00bb4_4&#8243; _builder_version=\u00bb4.25.0&#8243; _module_preset=\u00bbdefault\u00bb global_colors_info=\u00bb{}\u00bb][et_pb_text _builder_version=\u00bb4.27.4&#8243; _module_preset=\u00bbdefault\u00bb text_font_size=\u00bb18px\u00bb text_line_height=\u00bb1.8em\u00bb width=\u00bb90%\u00bb text_font_size_tablet=\u00bb18px\u00bb text_font_size_phone=\u00bb17px\u00bb text_font_size_last_edited=\u00bbon|phone\u00bb text_line_height_tablet=\u00bb1.8em\u00bb text_line_height_phone=\u00bb1.7em\u00bb text_line_height_last_edited=\u00bbon|phone\u00bb global_colors_info=\u00bb{}\u00bb]<\/p>\n<p data-start=\"276\" data-end=\"615\">Aqu\u00ed podr\u00e1s seguir todas las actualizaciones y acciones realizadas por el equipo para la consecuci\u00f3n de los objetivos del proyecto MEJORACOOP 3.0<\/p>\n<p>[\/et_pb_text][\/et_pb_column][\/et_pb_row][\/et_pb_section][et_pb_section fb_built=\u00bb1&#8243; admin_label=\u00bbAREAS\u00bb _builder_version=\u00bb4.25.0&#8243; _module_preset=\u00bbdefault\u00bb custom_padding=\u00bb30px|||||\u00bb locked=\u00bboff\u00bb collapsed=\u00bboff\u00bb global_colors_info=\u00bb{}\u00bb][et_pb_row column_structure=\u00bb3_4,1_4&#8243; _builder_version=\u00bb4.27.4&#8243; _module_preset=\u00bbdefault\u00bb custom_padding=\u00bb13px|||||\u00bb locked=\u00bboff\u00bb global_colors_info=\u00bb{}\u00bb][et_pb_column type=\u00bb3_4&#8243; _builder_version=\u00bb4.27.4&#8243; _module_preset=\u00bbdefault\u00bb border_width_right=\u00bb1px\u00bb border_color_right=\u00bbrgba(33,94,109,0.18)\u00bb global_colors_info=\u00bb{}\u00bb][et_pb_blog fullwidth=\u00bboff\u00bb posts_number=\u00bb6&#8243; include_categories=\u00bball\u00bb show_more=\u00bbon\u00bb show_author=\u00bboff\u00bb _builder_version=\u00bb4.27.4&#8243; _module_preset=\u00bbdefault\u00bb meta_font=\u00bb||on||||||\u00bb meta_text_color=\u00bb#AC8D0E\u00bb read_more_font=\u00bb|700||on|on||||\u00bb read_more_font_size=\u00bb12px\u00bb border_radii=\u00bbon|5px|5px|5px|5px\u00bb border_color_all=\u00bbrgba(33,94,109,0.52)\u00bb box_shadow_style=\u00bbpreset1&#8243; box_shadow_color=\u00bbrgba(33,94,109,0.18)\u00bb global_colors_info=\u00bb{}\u00bb][\/et_pb_blog][\/et_pb_column][et_pb_column type=\u00bb1_4&#8243; _builder_version=\u00bb4.27.4&#8243; _module_preset=\u00bbdefault\u00bb global_colors_info=\u00bb{}\u00bb][et_pb_search button_color=\u00bb#215E6D\u00bb _builder_version=\u00bb4.27.4&#8243; _module_preset=\u00bbdefault\u00bb button_text_color=\u00bb#F8F4EE\u00bb custom_margin=\u00bb||33px||false|false\u00bb border_color_all=\u00bb#215E6D\u00bb global_colors_info=\u00bb{}\u00bb][\/et_pb_search][et_pb_text _builder_version=\u00bb4.27.4&#8243; _module_preset=\u00bbdefault\u00bb header_3_font=\u00bb|||on|||||\u00bb header_3_font_size=\u00bb18px\u00bb border_width_bottom=\u00bb1px\u00bb border_color_bottom=\u00bbrgba(33,94,109,0.35)\u00bb global_colors_info=\u00bb{}\u00bb]<\/p>\n<h3>CATEGOR\u00cdAS<\/h3>\n<p>[\/et_pb_text][et_pb_text _builder_version=\u00bb4.27.4&#8243; _module_preset=\u00bbdefault\u00bb link_font=\u00bb|600|||||||\u00bb link_text_color=\u00bb#AC8D0E\u00bb custom_margin=\u00bb||20px||false|false\u00bb hover_enabled=\u00bb0&#8243; global_colors_info=\u00bb{}\u00bb sticky_enabled=\u00bb0&#8243;]<\/p>\n<p><a href=\"https:\/\/mejoracoopclm.com\/edicion3\/category\/articulos\/\">ART\u00cdCULOS<\/a><\/p>\n<p><a href=\"https:\/\/mejoracoopclm.com\/edicion3\/category\/coordinacion\/\">COORDINACI\u00d3N<\/a><\/p>\n<p><a href=\"https:\/\/mejoracoopclm.com\/edicion3\/category\/divulgacion\/\">DIVULGACI\u00d3N<\/a><\/p>\n<p><a href=\"https:\/\/mejoracoopclm.com\/edicion3\/category\/actuaciones-cooperativas\/\">ACTUACIONES COOPERATIVAS<\/a><\/p>\n<p>[\/et_pb_text][et_pb_divider color=\u00bbrgba(33,94,109,0.35)\u00bb _builder_version=\u00bb4.27.4&#8243; _module_preset=\u00bbdefault\u00bb global_colors_info=\u00bb{}\u00bb][\/et_pb_divider][\/et_pb_column][\/et_pb_row][\/et_pb_section]<\/p>\n","protected":false},"excerpt":{"rendered":"<p>Aqu\u00ed podr\u00e1s seguir todas las actualizaciones y acciones realizadas por el equipo para la consecuci\u00f3n de los objetivos del proyecto MEJORACOOP 3.0CATEGOR\u00cdASART\u00cdCULOS COORDINACI\u00d3N DIVULGACI\u00d3N ACTUACIONES COOPERATIVAS<\/p>\n","protected":false},"author":2,"featured_media":0,"parent":0,"menu_order":0,"comment_status":"closed","ping_status":"closed","template":"","meta":{"_et_pb_use_builder":"on","_et_pb_old_content":"","_et_gb_content_width":"","footnotes":""},"class_list":["post-425","page","type-page","status-publish","hentry"],"_links":{"self":[{"href":"https:\/\/mejoracoopclm.com\/edicion3\/wp-json\/wp\/v2\/pages\/425","targetHints":{"allow":["GET"]}}],"collection":[{"href":"https:\/\/mejoracoopclm.com\/edicion3\/wp-json\/wp\/v2\/pages"}],"about":[{"href":"https:\/\/mejoracoopclm.com\/edicion3\/wp-json\/wp\/v2\/types\/page"}],"author":[{"embeddable":true,"href":"https:\/\/mejoracoopclm.com\/edicion3\/wp-json\/wp\/v2\/users\/2"}],"replies":[{"embeddable":true,"href":"https:\/\/mejoracoopclm.com\/edicion3\/wp-json\/wp\/v2\/comments?post=425"}],"version-history":[{"count":5,"href":"https:\/\/mejoracoopclm.com\/edicion3\/wp-json\/wp\/v2\/pages\/425\/revisions"}],"predecessor-version":[{"id":724,"href":"https:\/\/mejoracoopclm.com\/edicion3\/wp-json\/wp\/v2\/pages\/425\/revisions\/724"}],"wp:attachment":[{"href":"https:\/\/mejoracoopclm.com\/edicion3\/wp-json\/wp\/v2\/media?parent=425"}],"curies":[{"name":"wp","href":"https:\/\/api.w.org\/{rel}","templated":true}]}}